{"id":791,"date":"2022-06-03T09:22:26","date_gmt":"2022-06-03T13:22:26","guid":{"rendered":"https:\/\/150.cpslc.ca\/tournee-estivale-2022\/"},"modified":"2025-05-29T17:17:30","modified_gmt":"2025-05-29T21:17:30","slug":"summer-tour","status":"publish","type":"page","link":"https:\/\/150.cpslc.ca\/en\/summer-tour\/","title":{"rendered":"Summer Tour 2025"},"content":{"rendered":"<section class=\"l-section wpb_row us_custom_8e74b423 height_auto\"><div class=\"l-section-overlay\" style=\"background:rgba(255,255,255,0.60)\"><\/div><div class=\"l-section-h i-cf\"><div class=\"g-cols vc_row via_flex valign_top type_default stacking_default\"><div class=\"vc_col-sm-2 vc_col-lg-2 vc_col-md-2 vc_hidden-sm vc_hidden-xs wpb_column vc_column_container hide_on_mobiles\"><div class=\"vc_column-inner\"><div class=\"wpb_wrapper\"><\/div><\/div><\/div><div class=\"vc_col-sm-12 vc_col-lg-10 vc_col-md-10 vc_col-xs-12 wpb_column vc_column_container\"><div class=\"vc_column-inner\"><div class=\"wpb_wrapper\"><div class=\"g-cols wpb_row us_custom_1a4e96da rangee-langues hide_on_mobiles via_flex valign_top type_default stacking_default\"><div class=\"vc_col-sm-12 wpb_column vc_column_container\"><div class=\"vc_column-inner\"><div class=\"wpb_wrapper\"><section class=\"l-section wpb_row hide_on_tablets hide_on_mobiles height_auto\"><div class=\"l-section-h i-cf\"><div class=\"g-cols vc_row via_flex valign_top type_default stacking_default\"><div class=\"vc_col-sm-12 wpb_column vc_column_container\"><div class=\"vc_column-inner\"><div class=\"wpb_wrapper\"><div class=\"wpb_text_column us_custom_0259209c langues has_text_color\"><div class=\"wpb_wrapper\"><p style=\"text-align: right;\"><a href=\"\/\">FR<\/a><\/p>\n<\/div><\/div><\/div><\/div><\/div><\/div><\/div><\/section>\n<\/div><\/div><\/div><\/div><div class=\"wpb_text_column\"><div class=\"wpb_wrapper\"><h1 style=\"text-align: center;\">Summer Tour 2025<\/h1>\n<\/div><\/div><div class=\"w-separator size_large\"><\/div><div class=\"wpb_text_column\"><div class=\"wpb_wrapper\"><p><strong>In 2025, the museum container will be at Domaine Joly de Lotbini\u00e8re, an extraordinary, timeless gathering place \u2014 a mindset to be experienced.<\/strong><\/p>\n<p>The exhibition is located by the river, in an area that is very accessible to visitors. A shuttle service is also available if needed.<\/p>\n<p>The container is open daily from 10 AM to 5 PM and will remain in place for the entire season.<\/p>\n<p><strong>MAY 3 TO OCTOBER 26, 2025<\/strong><br \/>\n\u2022 Closed on Mondays in May, June, and September<br \/>\n\u2022 Open on holiday Mondays: May 19 and September 1, 2025<br \/>\n\u2022 To enjoy the fall colors: open only on fair-weather weekends in October 2025<\/p>\n<\/div><\/div><div class=\"w-separator size_huge\"><\/div><div class=\"wpb_text_column\"><div class=\"wpb_wrapper\"><h1 style=\"text-align: center;\">Summer Tour 2023<\/h1>\n<\/div><\/div><div class=\"w-separator size_large\"><\/div><div class=\"wpb_text_column\"><div class=\"wpb_wrapper\"><p style=\"font-weight: 400;\"><strong>Here is the list of municipalities visited by the 2023 Summer Tour.<\/strong><\/p>\n<p style=\"font-weight: 400;\">The exhibition will be open from 9 a.m. to 6 p.m. daily. A tour guide and a pilot will be present on Saturday and Sunday to answer questions from visitors. An activity of assembling small wooden boats is also planned for children during these hours.<\/p>\n<\/div><\/div><div class=\"w-separator size_medium\"><\/div><div class=\"g-cols wpb_row via_flex valign_top type_default stacking_default\"><div class=\"vc_col-sm-12 vc_col-xs-12 wpb_column vc_column_container\"><div class=\"vc_column-inner\"><div class=\"wpb_wrapper\"><div class=\"wpb_text_column\"><div class=\"wpb_wrapper\">\n<table id=\"tablepress-7\" class=\"tablepress tablepress-id-7\">\n<thead>\n<tr class=\"row-1\">\n\t<th class=\"column-1\">MUNICIPALITY<\/th><th class=\"column-2\">DATES<\/th><th class=\"column-3\">PLACES<\/th>\n<\/tr>\n<\/thead>\n<tbody class=\"row-striping\">\n<tr class=\"row-2\">\n\t<td class=\"column-1\">Trois-Rivi\u00e8res<\/td><td class=\"column-2\">12 may to 8 june<\/td><td class=\"column-3\"><a href=\"https:\/\/www.google.com\/maps\/place\/Parc+Hector-Langevin\/@46.3410734,-72.540992,838m\/data=!3m2!1e3!4b1!4m6!3m5!1s0x4cc7c6068fcc32ad:0x66f989287aea5051!8m2!3d46.3410734!4d-72.538798!16s%2Fg%2F11bw46b772\" rel=\"noopener\" target=\"_blank\">Parc Hector-Langevin<\/a><\/td>\n<\/tr>\n<tr class=\"row-3\">\n\t<td class=\"column-1\">Montr\u00e9al<\/td><td class=\"column-2\">10 june to 29 june<\/td><td class=\"column-3\"><a href=\"https:\/\/www.google.com\/maps\/search\/Parc+de+la+Promenade+Bellerive\/@45.6011717,-73.5179083,3399m\/data=!3m2!1e3!4b1\" rel=\"noopener\" target=\"_blank\">Parc de la Promenade Bellerive<\/a><\/td>\n<\/tr>\n<tr class=\"row-4\">\n\t<td class=\"column-1\">Montr\u00e9al<\/td><td class=\"column-2\">1 july to 20 july<\/td><td class=\"column-3\"><a href=\"https:\/\/www.google.com\/maps\/place\/Parc+du+Fort-De-Pointe-Aux-Trembles\/@45.6399634,-73.489947,749m\/data=!3m2!1e3!4b1!4m6!3m5!1s0x4cc8e57d09dc5d95:0x7631c6d9a6e15020!8m2!3d45.6399634!4d-73.487753!16s%2Fm%2F0h7pk6c\" rel=\"noopener\" target=\"_blank\">Parc du Fort-de-Pointe-Aux-Trembles<\/a><\/td>\n<\/tr>\n<tr class=\"row-5\">\n\t<td class=\"column-1\">Rimouski <\/td><td class=\"column-2\">22 july to 28 july<\/td><td class=\"column-3\"><a href=\"https:\/\/www.google.com\/maps\/place\/Institut+maritime+du+Qu\u00e9bec\/@48.4500209,-68.5306117,179m\/data=!3m1!1e3!4m6!3m5!1s0x4c95d9971f64ae5b:0x4740bd226a06c4df!8m2!3d48.4498252!4d-68.5299224!16s%2Fg%2F121srbb7\" rel=\"noopener\" target=\"_blank\">Institut maritime du Qu\u00e9bec<\/a><\/td>\n<\/tr>\n<tr class=\"row-6\">\n\t<td class=\"column-1\">Qu\u00e9bec<\/td><td class=\"column-2\">30 july to 8 september<\/td><td class=\"column-3\"><a href=\"https:\/\/www.google.com\/maps\/search\/Promenade+Samuel-De+Champlain\/@46.7627514,-71.2715742,2935m\/data=!3m2!1e3!4b1\" rel=\"noopener\" target=\"_blank\">Promenade Samuel-De Champlain<\/a><\/td>\n<\/tr>\n<tr class=\"row-7\">\n\t<td class=\"column-1\">Montr\u00e9al<\/td><td class=\"column-2\">15 september to 16 october<\/td><td class=\"column-3\"><a href=\"https:\/\/www.google.com\/maps\/place\/Grand+Quay+of+the+Port+of+Montreal\/@45.5024136,-73.5550361,751m\/data=!3m2!1e3!4b1!4m6!3m5!1s0x4cc91af7929da63b:0x65b3239c25418ef6!8m2!3d45.5024136!4d-73.5528421!16s%2Fg%2F1tfs0ph2\" rel=\"noopener\" target=\"_blank\">Grand Quai du Port de Montr\u00e9al<\/a><\/td>\n<\/tr>\n<\/tbody>\n<\/table>\n<!-- #tablepress-7 from cache -->\n<\/div><\/div><\/div><\/div><\/div><\/div><\/div><\/div><\/div><\/div><\/div><\/section>\n","protected":false},"excerpt":{"rendered":"FR Summer Tour 2025 In 2025, the museum container will be at Domaine Joly de Lotbini\u00e8re, an extraordinary, timeless gathering place \u2014 a mindset to be experienced. The exhibition is located by the river, in an area that is very accessible to visitors. A shuttle service is also available if needed. The container is open...","protected":false},"author":1,"featured_media":0,"parent":0,"menu_order":0,"comment_status":"closed","ping_status":"closed","template":"","meta":{"inline_featured_image":false,"footnotes":""},"class_list":["post-791","page","type-page","status-publish","hentry"],"yoast_head":"<!-- This site is optimized with the Yoast SEO plugin v27.3 - https:\/\/yoast.com\/product\/yoast-seo-wordpress\/ -->\n<title>Summer Tour 2025 | Corporation des Pilotes St-Laurent Central<\/title>\n<meta name=\"description\" content=\"Tourn\u00e9e estivale 2022 de l&#039;exposition itin\u00e9rante Veiller au grain :Un fleuve et ses pilotes. Liste et dates des municipalit\u00e9s visit\u00e9es.\" \/>\n<meta name=\"robots\" content=\"index, follow, max-snippet:-1, max-image-preview:large, max-video-preview:-1\" \/>\n<link rel=\"canonical\" href=\"https:\/\/150.cpslc.ca\/en\/summer-tour\/\" \/>\n<meta property=\"og:locale\" content=\"en_US\" \/>\n<meta property=\"og:type\" content=\"article\" \/>\n<meta property=\"og:title\" content=\"Summer Tour 2025 | Corporation des Pilotes St-Laurent Central\" \/>\n<meta property=\"og:description\" content=\"Tourn\u00e9e estivale 2022 de l&#039;exposition itin\u00e9rante Veiller au grain :Un fleuve et ses pilotes. Liste et dates des municipalit\u00e9s visit\u00e9es.\" \/>\n<meta property=\"og:url\" content=\"https:\/\/150.cpslc.ca\/en\/summer-tour\/\" \/>\n<meta property=\"og:site_name\" content=\"Corporation des Pilotes St-Laurent Central\" \/>\n<meta property=\"article:publisher\" content=\"https:\/\/www.facebook.com\/cpslc.ca\" \/>\n<meta property=\"article:modified_time\" content=\"2025-05-29T21:17:30+00:00\" \/>\n<meta name=\"twitter:card\" content=\"summary_large_image\" \/>\n<meta name=\"twitter:label1\" content=\"Est. reading time\" \/>\n\t<meta name=\"twitter:data1\" content=\"1 minute\" \/>\n<script type=\"application\/ld+json\" class=\"yoast-schema-graph\">{\"@context\":\"https:\\\/\\\/schema.org\",\"@graph\":[{\"@type\":\"WebPage\",\"@id\":\"https:\\\/\\\/150.cpslc.ca\\\/en\\\/summer-tour\\\/\",\"url\":\"https:\\\/\\\/150.cpslc.ca\\\/en\\\/summer-tour\\\/\",\"name\":\"Summer Tour 2025 | Corporation des Pilotes St-Laurent Central\",\"isPartOf\":{\"@id\":\"https:\\\/\\\/150.cpslc.ca\\\/#website\"},\"datePublished\":\"2022-06-03T13:22:26+00:00\",\"dateModified\":\"2025-05-29T21:17:30+00:00\",\"description\":\"Tourn\u00e9e estivale 2022 de l'exposition itin\u00e9rante Veiller au grain :Un fleuve et ses pilotes. Liste et dates des municipalit\u00e9s visit\u00e9es.\",\"breadcrumb\":{\"@id\":\"https:\\\/\\\/150.cpslc.ca\\\/en\\\/summer-tour\\\/#breadcrumb\"},\"inLanguage\":\"en-US\",\"potentialAction\":[{\"@type\":\"ReadAction\",\"target\":[\"https:\\\/\\\/150.cpslc.ca\\\/en\\\/summer-tour\\\/\"]}]},{\"@type\":\"BreadcrumbList\",\"@id\":\"https:\\\/\\\/150.cpslc.ca\\\/en\\\/summer-tour\\\/#breadcrumb\",\"itemListElement\":[{\"@type\":\"ListItem\",\"position\":1,\"name\":\"Accueil\",\"item\":\"https:\\\/\\\/150.cpslc.ca\\\/en\\\/\"},{\"@type\":\"ListItem\",\"position\":2,\"name\":\"Summer Tour 2025\"}]},{\"@type\":\"WebSite\",\"@id\":\"https:\\\/\\\/150.cpslc.ca\\\/#website\",\"url\":\"https:\\\/\\\/150.cpslc.ca\\\/\",\"name\":\"Corporation des Pilotes St-Laurent Central\",\"description\":\"Avec vous depuis 1873\",\"publisher\":{\"@id\":\"https:\\\/\\\/150.cpslc.ca\\\/#organization\"},\"potentialAction\":[{\"@type\":\"SearchAction\",\"target\":{\"@type\":\"EntryPoint\",\"urlTemplate\":\"https:\\\/\\\/150.cpslc.ca\\\/?s={search_term_string}\"},\"query-input\":{\"@type\":\"PropertyValueSpecification\",\"valueRequired\":true,\"valueName\":\"search_term_string\"}}],\"inLanguage\":\"en-US\"},{\"@type\":\"Organization\",\"@id\":\"https:\\\/\\\/150.cpslc.ca\\\/#organization\",\"name\":\"La Corporation des pilotes du Saint-Laurent centrale\",\"url\":\"https:\\\/\\\/150.cpslc.ca\\\/\",\"logo\":{\"@type\":\"ImageObject\",\"inLanguage\":\"en-US\",\"@id\":\"https:\\\/\\\/150.cpslc.ca\\\/#\\\/schema\\\/logo\\\/image\\\/\",\"url\":\"https:\\\/\\\/150.cpslc.ca\\\/wp-content\\\/uploads\\\/2022\\\/05\\\/150e-logo-CPSLC.svg\",\"contentUrl\":\"https:\\\/\\\/150.cpslc.ca\\\/wp-content\\\/uploads\\\/2022\\\/05\\\/150e-logo-CPSLC.svg\",\"width\":315,\"height\":315,\"caption\":\"La Corporation des pilotes du Saint-Laurent centrale\"},\"image\":{\"@id\":\"https:\\\/\\\/150.cpslc.ca\\\/#\\\/schema\\\/logo\\\/image\\\/\"},\"sameAs\":[\"https:\\\/\\\/www.facebook.com\\\/cpslc.ca\"]}]}<\/script>\n<!-- \/ Yoast SEO plugin. -->","yoast_head_json":{"title":"Summer Tour 2025 | Corporation des Pilotes St-Laurent Central","description":"Tourn\u00e9e estivale 2022 de l'exposition itin\u00e9rante Veiller au grain :Un fleuve et ses pilotes. Liste et dates des municipalit\u00e9s visit\u00e9es.","robots":{"index":"index","follow":"follow","max-snippet":"max-snippet:-1","max-image-preview":"max-image-preview:large","max-video-preview":"max-video-preview:-1"},"canonical":"https:\/\/150.cpslc.ca\/en\/summer-tour\/","og_locale":"en_US","og_type":"article","og_title":"Summer Tour 2025 | Corporation des Pilotes St-Laurent Central","og_description":"Tourn\u00e9e estivale 2022 de l'exposition itin\u00e9rante Veiller au grain :Un fleuve et ses pilotes. Liste et dates des municipalit\u00e9s visit\u00e9es.","og_url":"https:\/\/150.cpslc.ca\/en\/summer-tour\/","og_site_name":"Corporation des Pilotes St-Laurent Central","article_publisher":"https:\/\/www.facebook.com\/cpslc.ca","article_modified_time":"2025-05-29T21:17:30+00:00","twitter_card":"summary_large_image","twitter_misc":{"Est. reading time":"1 minute"},"schema":{"@context":"https:\/\/schema.org","@graph":[{"@type":"WebPage","@id":"https:\/\/150.cpslc.ca\/en\/summer-tour\/","url":"https:\/\/150.cpslc.ca\/en\/summer-tour\/","name":"Summer Tour 2025 | Corporation des Pilotes St-Laurent Central","isPartOf":{"@id":"https:\/\/150.cpslc.ca\/#website"},"datePublished":"2022-06-03T13:22:26+00:00","dateModified":"2025-05-29T21:17:30+00:00","description":"Tourn\u00e9e estivale 2022 de l'exposition itin\u00e9rante Veiller au grain :Un fleuve et ses pilotes. Liste et dates des municipalit\u00e9s visit\u00e9es.","breadcrumb":{"@id":"https:\/\/150.cpslc.ca\/en\/summer-tour\/#breadcrumb"},"inLanguage":"en-US","potentialAction":[{"@type":"ReadAction","target":["https:\/\/150.cpslc.ca\/en\/summer-tour\/"]}]},{"@type":"BreadcrumbList","@id":"https:\/\/150.cpslc.ca\/en\/summer-tour\/#breadcrumb","itemListElement":[{"@type":"ListItem","position":1,"name":"Accueil","item":"https:\/\/150.cpslc.ca\/en\/"},{"@type":"ListItem","position":2,"name":"Summer Tour 2025"}]},{"@type":"WebSite","@id":"https:\/\/150.cpslc.ca\/#website","url":"https:\/\/150.cpslc.ca\/","name":"Corporation des Pilotes St-Laurent Central","description":"Avec vous depuis 1873","publisher":{"@id":"https:\/\/150.cpslc.ca\/#organization"},"potentialAction":[{"@type":"SearchAction","target":{"@type":"EntryPoint","urlTemplate":"https:\/\/150.cpslc.ca\/?s={search_term_string}"},"query-input":{"@type":"PropertyValueSpecification","valueRequired":true,"valueName":"search_term_string"}}],"inLanguage":"en-US"},{"@type":"Organization","@id":"https:\/\/150.cpslc.ca\/#organization","name":"La Corporation des pilotes du Saint-Laurent centrale","url":"https:\/\/150.cpslc.ca\/","logo":{"@type":"ImageObject","inLanguage":"en-US","@id":"https:\/\/150.cpslc.ca\/#\/schema\/logo\/image\/","url":"https:\/\/150.cpslc.ca\/wp-content\/uploads\/2022\/05\/150e-logo-CPSLC.svg","contentUrl":"https:\/\/150.cpslc.ca\/wp-content\/uploads\/2022\/05\/150e-logo-CPSLC.svg","width":315,"height":315,"caption":"La Corporation des pilotes du Saint-Laurent centrale"},"image":{"@id":"https:\/\/150.cpslc.ca\/#\/schema\/logo\/image\/"},"sameAs":["https:\/\/www.facebook.com\/cpslc.ca"]}]}},"_links":{"self":[{"href":"https:\/\/150.cpslc.ca\/en\/wp-json\/wp\/v2\/pages\/791","targetHints":{"allow":["GET"]}}],"collection":[{"href":"https:\/\/150.cpslc.ca\/en\/wp-json\/wp\/v2\/pages"}],"about":[{"href":"https:\/\/150.cpslc.ca\/en\/wp-json\/wp\/v2\/types\/page"}],"author":[{"embeddable":true,"href":"https:\/\/150.cpslc.ca\/en\/wp-json\/wp\/v2\/users\/1"}],"replies":[{"embeddable":true,"href":"https:\/\/150.cpslc.ca\/en\/wp-json\/wp\/v2\/comments?post=791"}],"version-history":[{"count":6,"href":"https:\/\/150.cpslc.ca\/en\/wp-json\/wp\/v2\/pages\/791\/revisions"}],"predecessor-version":[{"id":988,"href":"https:\/\/150.cpslc.ca\/en\/wp-json\/wp\/v2\/pages\/791\/revisions\/988"}],"wp:attachment":[{"href":"https:\/\/150.cpslc.ca\/en\/wp-json\/wp\/v2\/media?parent=791"}],"curies":[{"name":"wp","href":"https:\/\/api.w.org\/{rel}","templated":true}]}}